{"id":190,"date":"2018-05-27T14:39:40","date_gmt":"2018-05-27T17:39:40","guid":{"rendered":"http:\/\/turiconstrutora.com.br\/site\/?page_id=190"},"modified":"2019-07-06T05:45:19","modified_gmt":"2019-07-06T08:45:19","slug":"sobre-nos","status":"publish","type":"page","link":"http:\/\/turiconstrutora.com.br\/site\/sobre-nos\/","title":{"rendered":"Sobre n\u00f3s"},"content":{"rendered":"<h2><img loading=\"lazy\" decoding=\"async\" class=\"alignleft wp-image-75\" src=\"http:\/\/turiconstrutora.com.br\/site\/wp-content\/uploads\/2016\/12\/home_developer2_offer_gallery1.jpg\" alt=\"\" width=\"450\" height=\"338\" srcset=\"http:\/\/turiconstrutora.com.br\/site\/wp-content\/uploads\/2016\/12\/home_developer2_offer_gallery1.jpg 800w, http:\/\/turiconstrutora.com.br\/site\/wp-content\/uploads\/2016\/12\/home_developer2_offer_gallery1-300x225.jpg 300w, http:\/\/turiconstrutora.com.br\/site\/wp-content\/uploads\/2016\/12\/home_developer2_offer_gallery1-768x576.jpg 768w, http:\/\/turiconstrutora.com.br\/site\/wp-content\/uploads\/2016\/12\/home_developer2_offer_gallery1-195x146.jpg 195w, http:\/\/turiconstrutora.com.br\/site\/wp-content\/uploads\/2016\/12\/home_developer2_offer_gallery1-50x38.jpg 50w, http:\/\/turiconstrutora.com.br\/site\/wp-content\/uploads\/2016\/12\/home_developer2_offer_gallery1-100x75.jpg 100w\" sizes=\"auto, (max-width: 450px) 100vw, 450px\" \/>N\u00f3s somos a Turi<\/h2>\n<p>Nossa empresa \u00e9 feita por pessoas e para pessoas, dedicados a construir projetos e rela\u00e7\u00f5es todos os dias, e a cada entrega, garantimos engenharia de alto padr\u00e3o e transpar\u00eancia.<\/p>\n<p>Concretizar o sonho da casa pr\u00f3pria, atrav\u00e9s de im\u00f3veis de qualidade, com solu\u00e7\u00f5es criativas e atrativas e dessa forma, contribuir para a expans\u00e3o da nossa regi\u00e3o.<\/p>\n<p>Inova\u00e7\u00e3o de produtos, antecipando-nos \u00e0s expectativas e necessidades dos clientes, a utiliza\u00e7\u00e3o dos padr\u00f5es \u00e9ticos e morais e a observa\u00e7\u00e3o das normas legais.<\/p>\n<p>Incorpora\u00e7\u00e3o e desenvolvimento de tecnologias de ponta para garantir a qualidade de nossos produtos e processos, respeitando nossos valores e agir com consci\u00eancia, inspirado e orientado segundo esses valores, afinal, s\u00e3o as pessoas que transformam informa\u00e7\u00e3o em conhecimento, sem esquecer do nosso respeito ao meio ambiente e as comunidades nas quais desenvolvemos nossos empreendimentos.<\/p>\n<p>\ufffcEm suas obras de edificac\u0327o\u0303es, a organizac\u0327a\u0303o busca:<br \/>\n\u2022 Aumentar a satisfac\u0327a\u0303o dos clientes e partes interessadas;<br \/>\n\u2022 Atender continuamente os requisitos regulamentares e estatuta\u0301rios do setor; \u2022 Cativar os usua\u0301rios e clientes, entregando produtos e servic\u0327os de qualidade; \u2022 Manter um excelente ni\u0301vel de relacionamento com os colaboradores;<br \/>\n\u2022 Conservar o ambiente de trabalho agrada\u0301vel, limpo e organizado;<br \/>\n\u2022 Buscar o desenvolvimento e valorizac\u0327a\u0303o conti\u0301nua dos nossos colaboradores<\/p>\n<p>A Turi \u00e9 a marca que assina nossos empreendimentos e transforma terrenos em projetos de vida.<\/p>\n","protected":false},"excerpt":{"rendered":"<p>N\u00f3s somos a Turi Nossa empresa \u00e9 feita por pessoas e para pessoas, dedicados a construir projetos e rela\u00e7\u00f5es todos os dias, e a cada entrega,<span class=\"excerpt-hellip\"> [\u2026]<\/span><\/p>\n","protected":false},"author":2,"featured_media":0,"parent":0,"menu_order":0,"comment_status":"closed","ping_status":"closed","template":"","meta":{"footnotes":""},"class_list":["post-190","page","type-page","status-publish","hentry"],"_links":{"self":[{"href":"http:\/\/turiconstrutora.com.br\/site\/wp-json\/wp\/v2\/pages\/190","targetHints":{"allow":["GET"]}}],"collection":[{"href":"http:\/\/turiconstrutora.com.br\/site\/wp-json\/wp\/v2\/pages"}],"about":[{"href":"http:\/\/turiconstrutora.com.br\/site\/wp-json\/wp\/v2\/types\/page"}],"author":[{"embeddable":true,"href":"http:\/\/turiconstrutora.com.br\/site\/wp-json\/wp\/v2\/users\/2"}],"replies":[{"embeddable":true,"href":"http:\/\/turiconstrutora.com.br\/site\/wp-json\/wp\/v2\/comments?post=190"}],"version-history":[{"count":5,"href":"http:\/\/turiconstrutora.com.br\/site\/wp-json\/wp\/v2\/pages\/190\/revisions"}],"predecessor-version":[{"id":347,"href":"http:\/\/turiconstrutora.com.br\/site\/wp-json\/wp\/v2\/pages\/190\/revisions\/347"}],"wp:attachment":[{"href":"http:\/\/turiconstrutora.com.br\/site\/wp-json\/wp\/v2\/media?parent=190"}],"curies":[{"name":"wp","href":"https:\/\/api.w.org\/{rel}","templated":true}]}}